{"id":3,"date":"2019-05-27T11:37:03","date_gmt":"2019-05-27T11:37:03","guid":{"rendered":"http:\/\/dev.lecaveauduchateau.com\/?page_id=3"},"modified":"2024-07-12T11:04:37","modified_gmt":"2024-07-12T09:04:37","slug":"mentions-legales","status":"publish","type":"page","link":"https:\/\/dev.lecaveauduchateau.com\/en\/legal-notice\/","title":{"rendered":"Legal Notice"},"content":{"rendered":"<div data-elementor-type=\"wp-page\" data-elementor-id=\"3\" class=\"elementor elementor-3\" data-elementor-post-type=\"page\">\n\t\t\t\t\t\t<section class=\"elementor-section elementor-top-section elementor-element elementor-element-56b7c61e elementor-section-boxed elementor-section-height-default elementor-section-height-default\" data-id=\"56b7c61e\" data-element_type=\"section\">\n\t\t\t\t\t\t<div class=\"elementor-container elementor-column-gap-default\">\n\t\t\t\t\t<div class=\"elementor-column elementor-col-100 elementor-top-column elementor-element elementor-element-4089bd7c\" data-id=\"4089bd7c\" data-element_type=\"column\">\n\t\t\t<div class=\"elementor-widget-wrap elementor-element-populated\">\n\t\t\t\t\t\t<div class=\"elementor-element elementor-element-135dadd elementor-widget elementor-widget-heading\" data-id=\"135dadd\" data-element_type=\"widget\" data-widget_type=\"heading.default\">\n\t\t\t\t<div class=\"elementor-widget-container\">\n\t\t\t<style>\/*! elementor - v3.21.0 - 30-04-2024 *\/\n.elementor-heading-title{padding:0;margin:0;line-height:1}.elementor-widget-heading .elementor-heading-title[class*=elementor-size-]>a{color:inherit;font-size:inherit;line-height:inherit}.elementor-widget-heading .elementor-heading-title.elementor-size-small{font-size:15px}.elementor-widget-heading .elementor-heading-title.elementor-size-medium{font-size:19px}.elementor-widget-heading .elementor-heading-title.elementor-size-large{font-size:29px}.elementor-widget-heading .elementor-heading-title.elementor-size-xl{font-size:39px}.elementor-widget-heading .elementor-heading-title.elementor-size-xxl{font-size:59px}<\/style><h1 class=\"elementor-heading-title elementor-size-default\">Legal Notice<\/h1>\t\t<\/div>\n\t\t\t\t<\/div>\n\t\t\t\t\t<\/div>\n\t\t<\/div>\n\t\t\t\t\t<\/div>\n\t\t<\/section>\n\t\t\t\t<section class=\"elementor-section elementor-top-section elementor-element elementor-element-641bbcf elementor-section-boxed elementor-section-height-default elementor-section-height-default\" data-id=\"641bbcf\" data-element_type=\"section\">\n\t\t\t\t\t\t<div class=\"elementor-container elementor-column-gap-default\">\n\t\t\t\t\t<div class=\"elementor-column elementor-col-25 elementor-top-column elementor-element elementor-element-72bf54d\" data-id=\"72bf54d\" data-element_type=\"column\">\n\t\t\t<div class=\"elementor-widget-wrap\">\n\t\t\t\t\t\t\t<\/div>\n\t\t<\/div>\n\t\t\t\t<div class=\"elementor-column elementor-col-25 elementor-top-column elementor-element elementor-element-22177b8\" data-id=\"22177b8\" data-element_type=\"column\">\n\t\t\t<div class=\"elementor-widget-wrap elementor-element-populated\">\n\t\t\t\t\t\t<div class=\"elementor-element elementor-element-4b67a64 elementor-widget elementor-widget-text-editor\" data-id=\"4b67a64\" data-element_type=\"widget\" data-widget_type=\"text-editor.default\">\n\t\t\t\t<div class=\"elementor-widget-container\">\n\t\t\t<style>\/*! elementor - v3.21.0 - 30-04-2024 *\/\n.elementor-widget-text-editor.elementor-drop-cap-view-stacked .elementor-drop-cap{background-color:#69727d;color:#fff}.elementor-widget-text-editor.elementor-drop-cap-view-framed .elementor-drop-cap{color:#69727d;border:3px solid;background-color:transparent}.elementor-widget-text-editor:not(.elementor-drop-cap-view-default) .elementor-drop-cap{margin-top:8px}.elementor-widget-text-editor:not(.elementor-drop-cap-view-default) .elementor-drop-cap-letter{width:1em;height:1em}.elementor-widget-text-editor .elementor-drop-cap{float:left;text-align:center;line-height:1;font-size:50px}.elementor-widget-text-editor .elementor-drop-cap-letter{display:inline-block}<\/style>\t\t\t\t<h2>Le Caveau du Ch\u00e2teau<\/h2><p>6, route de la Roche<br \/>69420 Ampuis<br \/>T\u00e9l : +33(0)4 58 17 08 70<br \/><a href=\"mailto:contact@lecaveauduchateau.com\">contact@lecaveauduchateau.com<\/a><\/p><h2>Web Hosting<\/h2><p>Fingerprint Technologies<br \/>5 Rue Jean Charcot<br \/>26100 Romans-sur-Is\u00e8re<br \/>TEL : 04 75 02 84 34<br \/><a href=\"http:\/\/www.fingerprint.fr\">www.fingerprint.fr<\/a><\/p><h2>Legal Notice<\/h2><p class=\" translation-block\">Any total or partial representation of this site and its content, by any means whatsoever, without the express prior authorization of the Caveau du Ch\u00e2teau, is prohibited and constitutes an infringement punishable by articles L335-2 and following of the Code. of intellectual property.\nViolation of these provisions subjects the offender and all responsible persons to the criminal and civil penalties provided for by French law.<\/p><p>For any information and request for reproduction on paper or electronically: <a href=\"mailto:contact@lecaveauduchateau.com\">contact@lecaveauduchateau.com<\/a><\/p>\t\t\t\t\t\t<\/div>\n\t\t\t\t<\/div>\n\t\t\t\t\t<\/div>\n\t\t<\/div>\n\t\t\t\t<div class=\"elementor-column elementor-col-25 elementor-top-column elementor-element elementor-element-5eb947e\" data-id=\"5eb947e\" data-element_type=\"column\">\n\t\t\t<div class=\"elementor-widget-wrap elementor-element-populated\">\n\t\t\t\t\t\t<div class=\"elementor-element elementor-element-7ea7e5a4 elementor-widget elementor-widget-text-editor\" data-id=\"7ea7e5a4\" data-element_type=\"widget\" data-widget_type=\"text-editor.default\">\n\t\t\t\t<div class=\"elementor-widget-container\">\n\t\t\t\t\t\t\t<h2>Photo credits<\/h2>\n<p>STEPHANE CHALAYE PHOTOGRAPHIE <a href=\"http:\/\/www.stephanechalaye.com\">www.stephanechalaye.com<\/a><\/p>\n<p>CELINE VAUTEY PHOTOGRAPHIE<\/span><br>\n<a href=\"https:\/\/celinevautey-photographe.fr\/\" target=\"_blank\">www.celinevautey-photographe.com<\/p>\n<h2>Webdesign<\/h2>\nKorigan\n<a href=\"http:\/\/www.korigan.fr\">www.korigan.fr<\/a>\t\t\t\t\t\t<\/div>\n\t\t\t\t<\/div>\n\t\t\t\t\t<\/div>\n\t\t<\/div>\n\t\t\t\t<div class=\"elementor-column elementor-col-25 elementor-top-column elementor-element elementor-element-f287799\" data-id=\"f287799\" data-element_type=\"column\">\n\t\t\t<div class=\"elementor-widget-wrap\">\n\t\t\t\t\t\t\t<\/div>\n\t\t<\/div>\n\t\t\t\t\t<\/div>\n\t\t<\/section>\n\t\t\t\t<\/div>","protected":false},"excerpt":{"rendered":"<p>Le Caveau du Ch\u00e2teau 6, route de la Roche69420 AmpuisT\u00e9l : +33(0)4 58 17 08 70contact@lecaveauduchateau.com H\u00e9bergeur Fingerprint Technologies5 Rue Jean Charcot26100 Romans-sur-Is\u00e8reTEL : 04 75 02 84 34www.fingerprint.fr Notice l\u00e9gale Toute repr\u00e9sentation totale ou partielle de ce site et de son contenu, par quelques proc\u00e9d\u00e9s que ce soient, sans autorisation pr\u00e9alable expresse aupr\u00e8s de [&hellip;]<\/p>","protected":false},"author":1,"featured_media":0,"parent":0,"menu_order":0,"comment_status":"closed","ping_status":"open","template":"elementor_header_footer","meta":{"_acf_changed":false,"footnotes":""},"acf":[],"yoast_head":"<!-- This site is optimized with the Yoast SEO plugin v22.6 - https:\/\/yoast.com\/wordpress\/plugins\/seo\/ -->\n<title>Mentions l\u00e9gales - Le Caveau du Ch\u00e2teau<\/title>\n<meta name=\"robots\" content=\"noindex, follow, max-snippet:-1, max-image-preview:large, max-video-preview:-1\" \/>\n<meta property=\"og:locale\" content=\"en_GB\" \/>\n<meta property=\"og:type\" content=\"article\" \/>\n<meta property=\"og:title\" content=\"Mentions l\u00e9gales - Le Caveau du Ch\u00e2teau\" \/>\n<meta property=\"og:description\" content=\"Le Caveau du Ch\u00e2teau 6, route de la Roche69420 AmpuisT\u00e9l : +33(0)4 58 17 08 70contact@lecaveauduchateau.com H\u00e9bergeur Fingerprint Technologies5 Rue Jean Charcot26100 Romans-sur-Is\u00e8reTEL : 04 75 02 84 34www.fingerprint.fr Notice l\u00e9gale Toute repr\u00e9sentation totale ou partielle de ce site et de son contenu, par quelques proc\u00e9d\u00e9s que ce soient, sans autorisation pr\u00e9alable expresse aupr\u00e8s de [&hellip;]\" \/>\n<meta property=\"og:url\" content=\"https:\/\/dev.lecaveauduchateau.com\/en\/legal-notice\/\" \/>\n<meta property=\"og:site_name\" content=\"Le Caveau du Ch\u00e2teau\" \/>\n<meta property=\"article:modified_time\" content=\"2024-07-12T09:04:37+00:00\" \/>\n<meta name=\"twitter:card\" content=\"summary_large_image\" \/>\n<meta name=\"twitter:label1\" content=\"Estimated reading time\" \/>\n\t<meta name=\"twitter:data1\" content=\"1 minute\" \/>\n<script type=\"application\/ld+json\" class=\"yoast-schema-graph\">{\"@context\":\"https:\/\/schema.org\",\"@graph\":[{\"@type\":\"WebPage\",\"@id\":\"https:\/\/dev.lecaveauduchateau.com\/mentions-legales\/\",\"url\":\"https:\/\/dev.lecaveauduchateau.com\/mentions-legales\/\",\"name\":\"Mentions l\u00e9gales - Le Caveau du Ch\u00e2teau\",\"isPartOf\":{\"@id\":\"https:\/\/dev.lecaveauduchateau.com\/#website\"},\"datePublished\":\"2019-05-27T11:37:03+00:00\",\"dateModified\":\"2024-07-12T09:04:37+00:00\",\"breadcrumb\":{\"@id\":\"https:\/\/dev.lecaveauduchateau.com\/mentions-legales\/#breadcrumb\"},\"inLanguage\":\"en-GB\",\"potentialAction\":[{\"@type\":\"ReadAction\",\"target\":[\"https:\/\/dev.lecaveauduchateau.com\/mentions-legales\/\"]}]},{\"@type\":\"BreadcrumbList\",\"@id\":\"https:\/\/dev.lecaveauduchateau.com\/mentions-legales\/#breadcrumb\",\"itemListElement\":[{\"@type\":\"ListItem\",\"position\":1,\"name\":\"Accueil\",\"item\":\"https:\/\/dev.lecaveauduchateau.com\/\"},{\"@type\":\"ListItem\",\"position\":2,\"name\":\"Mentions l\u00e9gales\"}]},{\"@type\":\"WebSite\",\"@id\":\"https:\/\/dev.lecaveauduchateau.com\/#website\",\"url\":\"https:\/\/dev.lecaveauduchateau.com\/\",\"name\":\"Le Caveau du Ch\u00e2teau\",\"description\":\"Le Caveau du Ch\u00e2teau\",\"publisher\":{\"@id\":\"https:\/\/dev.lecaveauduchateau.com\/#organization\"},\"potentialAction\":[{\"@type\":\"SearchAction\",\"target\":{\"@type\":\"EntryPoint\",\"urlTemplate\":\"https:\/\/dev.lecaveauduchateau.com\/?s={search_term_string}\"},\"query-input\":\"required name=search_term_string\"}],\"inLanguage\":\"en-GB\"},{\"@type\":\"Organization\",\"@id\":\"https:\/\/dev.lecaveauduchateau.com\/#organization\",\"name\":\"Le Caveau du Ch\u00e2teau\",\"url\":\"https:\/\/dev.lecaveauduchateau.com\/\",\"logo\":{\"@type\":\"ImageObject\",\"inLanguage\":\"en-GB\",\"@id\":\"https:\/\/dev.lecaveauduchateau.com\/#\/schema\/logo\/image\/\",\"url\":\"https:\/\/dev.lecaveauduchateau.com\/wp-content\/uploads\/2019\/12\/logo-caveau-du-chateau-guigal.png\",\"contentUrl\":\"https:\/\/dev.lecaveauduchateau.com\/wp-content\/uploads\/2019\/12\/logo-caveau-du-chateau-guigal.png\",\"width\":800,\"height\":442,\"caption\":\"Le Caveau du Ch\u00e2teau\"},\"image\":{\"@id\":\"https:\/\/dev.lecaveauduchateau.com\/#\/schema\/logo\/image\/\"}}]}<\/script>\n<!-- \/ Yoast SEO plugin. -->","yoast_head_json":{"title":"Mentions l\u00e9gales - Le Caveau du Ch\u00e2teau","robots":{"index":"noindex","follow":"follow","max-snippet":"max-snippet:-1","max-image-preview":"max-image-preview:large","max-video-preview":"max-video-preview:-1"},"og_locale":"en_GB","og_type":"article","og_title":"Mentions l\u00e9gales - Le Caveau du Ch\u00e2teau","og_description":"Le Caveau du Ch\u00e2teau 6, route de la Roche69420 AmpuisT\u00e9l : +33(0)4 58 17 08 70contact@lecaveauduchateau.com H\u00e9bergeur Fingerprint Technologies5 Rue Jean Charcot26100 Romans-sur-Is\u00e8reTEL : 04 75 02 84 34www.fingerprint.fr Notice l\u00e9gale Toute repr\u00e9sentation totale ou partielle de ce site et de son contenu, par quelques proc\u00e9d\u00e9s que ce soient, sans autorisation pr\u00e9alable expresse aupr\u00e8s de [&hellip;]","og_url":"https:\/\/dev.lecaveauduchateau.com\/en\/legal-notice\/","og_site_name":"Le Caveau du Ch\u00e2teau","article_modified_time":"2024-07-12T09:04:37+00:00","twitter_card":"summary_large_image","twitter_misc":{"Estimated reading time":"1 minute"},"schema":{"@context":"https:\/\/schema.org","@graph":[{"@type":"WebPage","@id":"https:\/\/dev.lecaveauduchateau.com\/mentions-legales\/","url":"https:\/\/dev.lecaveauduchateau.com\/mentions-legales\/","name":"Mentions l\u00e9gales - Le Caveau du Ch\u00e2teau","isPartOf":{"@id":"https:\/\/dev.lecaveauduchateau.com\/#website"},"datePublished":"2019-05-27T11:37:03+00:00","dateModified":"2024-07-12T09:04:37+00:00","breadcrumb":{"@id":"https:\/\/dev.lecaveauduchateau.com\/mentions-legales\/#breadcrumb"},"inLanguage":"en-GB","potentialAction":[{"@type":"ReadAction","target":["https:\/\/dev.lecaveauduchateau.com\/mentions-legales\/"]}]},{"@type":"BreadcrumbList","@id":"https:\/\/dev.lecaveauduchateau.com\/mentions-legales\/#breadcrumb","itemListElement":[{"@type":"ListItem","position":1,"name":"Accueil","item":"https:\/\/dev.lecaveauduchateau.com\/"},{"@type":"ListItem","position":2,"name":"Mentions l\u00e9gales"}]},{"@type":"WebSite","@id":"https:\/\/dev.lecaveauduchateau.com\/#website","url":"https:\/\/dev.lecaveauduchateau.com\/","name":"Le Caveau du Ch\u00e2teau","description":"Le Caveau du Ch\u00e2teau","publisher":{"@id":"https:\/\/dev.lecaveauduchateau.com\/#organization"},"potentialAction":[{"@type":"SearchAction","target":{"@type":"EntryPoint","urlTemplate":"https:\/\/dev.lecaveauduchateau.com\/?s={search_term_string}"},"query-input":"required name=search_term_string"}],"inLanguage":"en-GB"},{"@type":"Organization","@id":"https:\/\/dev.lecaveauduchateau.com\/#organization","name":"Le Caveau du Ch\u00e2teau","url":"https:\/\/dev.lecaveauduchateau.com\/","logo":{"@type":"ImageObject","inLanguage":"en-GB","@id":"https:\/\/dev.lecaveauduchateau.com\/#\/schema\/logo\/image\/","url":"https:\/\/dev.lecaveauduchateau.com\/wp-content\/uploads\/2019\/12\/logo-caveau-du-chateau-guigal.png","contentUrl":"https:\/\/dev.lecaveauduchateau.com\/wp-content\/uploads\/2019\/12\/logo-caveau-du-chateau-guigal.png","width":800,"height":442,"caption":"Le Caveau du Ch\u00e2teau"},"image":{"@id":"https:\/\/dev.lecaveauduchateau.com\/#\/schema\/logo\/image\/"}}]}},"_links":{"self":[{"href":"https:\/\/dev.lecaveauduchateau.com\/en\/wp-json\/wp\/v2\/pages\/3"}],"collection":[{"href":"https:\/\/dev.lecaveauduchateau.com\/en\/wp-json\/wp\/v2\/pages"}],"about":[{"href":"https:\/\/dev.lecaveauduchateau.com\/en\/wp-json\/wp\/v2\/types\/page"}],"author":[{"embeddable":true,"href":"https:\/\/dev.lecaveauduchateau.com\/en\/wp-json\/wp\/v2\/users\/1"}],"replies":[{"embeddable":true,"href":"https:\/\/dev.lecaveauduchateau.com\/en\/wp-json\/wp\/v2\/comments?post=3"}],"version-history":[{"count":21,"href":"https:\/\/dev.lecaveauduchateau.com\/en\/wp-json\/wp\/v2\/pages\/3\/revisions"}],"predecessor-version":[{"id":4972,"href":"https:\/\/dev.lecaveauduchateau.com\/en\/wp-json\/wp\/v2\/pages\/3\/revisions\/4972"}],"wp:attachment":[{"href":"https:\/\/dev.lecaveauduchateau.com\/en\/wp-json\/wp\/v2\/media?parent=3"}],"curies":[{"name":"wp","href":"https:\/\/api.w.org\/{rel}","templated":true}]}}