{"id":2276,"date":"2020-02-05T13:45:08","date_gmt":"2020-02-05T12:45:08","guid":{"rendered":"https:\/\/dev.lecaveauduchateau.com\/?page_id=2276"},"modified":"2024-05-03T15:21:31","modified_gmt":"2024-05-03T13:21:31","slug":"politique-de-confidentialite","status":"publish","type":"page","link":"https:\/\/dev.lecaveauduchateau.com\/en\/politique-de-confidentialite\/","title":{"rendered":"Privacy policy"},"content":{"rendered":"<div data-elementor-type=\"wp-page\" data-elementor-id=\"2276\" class=\"elementor elementor-2276\" data-elementor-post-type=\"page\">\n\t\t\t\t\t\t<section class=\"elementor-section elementor-top-section elementor-element elementor-element-496fd46 elementor-section-boxed elementor-section-height-default elementor-section-height-default\" data-id=\"496fd46\" data-element_type=\"section\">\n\t\t\t\t\t\t<div class=\"elementor-container elementor-column-gap-default\">\n\t\t\t\t\t<div class=\"elementor-column elementor-col-100 elementor-top-column elementor-element elementor-element-99a1f3b\" data-id=\"99a1f3b\" data-element_type=\"column\">\n\t\t\t<div class=\"elementor-widget-wrap elementor-element-populated\">\n\t\t\t\t\t\t<div class=\"elementor-element elementor-element-f44a4c4 elementor-widget elementor-widget-theme-post-title elementor-page-title elementor-widget-heading\" data-id=\"f44a4c4\" data-element_type=\"widget\" data-widget_type=\"theme-post-title.default\">\n\t\t\t\t<div class=\"elementor-widget-container\">\n\t\t\t<style>\/*! elementor - v3.21.0 - 30-04-2024 *\/\n.elementor-heading-title{padding:0;margin:0;line-height:1}.elementor-widget-heading .elementor-heading-title[class*=elementor-size-]>a{color:inherit;font-size:inherit;line-height:inherit}.elementor-widget-heading .elementor-heading-title.elementor-size-small{font-size:15px}.elementor-widget-heading .elementor-heading-title.elementor-size-medium{font-size:19px}.elementor-widget-heading .elementor-heading-title.elementor-size-large{font-size:29px}.elementor-widget-heading .elementor-heading-title.elementor-size-xl{font-size:39px}.elementor-widget-heading .elementor-heading-title.elementor-size-xxl{font-size:59px}<\/style><h1 class=\"elementor-heading-title elementor-size-default\">Privacy policy<\/h1>\t\t<\/div>\n\t\t\t\t<\/div>\n\t\t\t\t\t<\/div>\n\t\t<\/div>\n\t\t\t\t\t<\/div>\n\t\t<\/section>\n\t\t\t\t<section class=\"elementor-section elementor-top-section elementor-element elementor-element-bb90eb3 elementor-section-boxed elementor-section-height-default elementor-section-height-default\" data-id=\"bb90eb3\" data-element_type=\"section\">\n\t\t\t\t\t\t<div class=\"elementor-container elementor-column-gap-default\">\n\t\t\t\t\t<div class=\"elementor-column elementor-col-100 elementor-top-column elementor-element elementor-element-56d822d9\" data-id=\"56d822d9\" data-element_type=\"column\">\n\t\t\t<div class=\"elementor-widget-wrap elementor-element-populated\">\n\t\t\t\t\t\t<div class=\"elementor-element elementor-element-43d459cd elementor-widget elementor-widget-text-editor\" data-id=\"43d459cd\" data-element_type=\"widget\" data-widget_type=\"text-editor.default\">\n\t\t\t\t<div class=\"elementor-widget-container\">\n\t\t\t<style>\/*! elementor - v3.21.0 - 30-04-2024 *\/\n.elementor-widget-text-editor.elementor-drop-cap-view-stacked .elementor-drop-cap{background-color:#69727d;color:#fff}.elementor-widget-text-editor.elementor-drop-cap-view-framed .elementor-drop-cap{color:#69727d;border:3px solid;background-color:transparent}.elementor-widget-text-editor:not(.elementor-drop-cap-view-default) .elementor-drop-cap{margin-top:8px}.elementor-widget-text-editor:not(.elementor-drop-cap-view-default) .elementor-drop-cap-letter{width:1em;height:1em}.elementor-widget-text-editor .elementor-drop-cap{float:left;text-align:center;line-height:1;font-size:50px}.elementor-widget-text-editor .elementor-drop-cap-letter{display:inline-block}<\/style>\t\t\t\t\n<h2>Qui sommes-nous\u00a0?<\/h2>\n\n\n<p>L\u2019adresse de notre site Web est\u00a0: https:\/\/dev.lecaveauduchateau.com.\u00a0<\/p>\n\n<h2>Utilisation des donn\u00e9es personnelles collect\u00e9es<\/h2>\n<div><span style=\"font-size: 14.4px; letter-spacing: 0.48px;\">Le Caveau du Ch\u00e2teau (nous) s&rsquo;engage \u00e0 ce que la collecte et le traitement de vos donn\u00e9es soient conformes au R\u00e8glement G\u00e9n\u00e9ral sur la Protection des Donn\u00e9es (RGPD).<\/span><\/div>\n\n<h3>Commentaires<\/h3>\n\n<p>Quand vous laissez un commentaire sur notre site web, les donn\u00e9es inscrites dans le formulaire de commentaire, mais aussi votre adresse IP et l\u2019agent utilisateur de votre navigateur sont collect\u00e9s pour nous aider \u00e0 la d\u00e9tection des commentaires ind\u00e9sirables.<\/p>\n<p><\/p>\n<p><\/p>\n<p>Une cha\u00eene anonymis\u00e9e cr\u00e9\u00e9e \u00e0 partir de votre adresse de messagerie (\u00e9galement appel\u00e9e hash) peut \u00eatre envoy\u00e9e au service Gravatar pour v\u00e9rifier si vous utilisez ce dernier. Les clauses de confidentialit\u00e9 du service Gravatar sont disponibles ici\u00a0: https:\/\/automattic.com\/privacy\/. Apr\u00e8s validation de votre commentaire, votre photo de profil sera visible publiquement \u00e0 c\u00f4t\u00e9 de votre commentaire.<\/p>\n\n<h3>M\u00e9dias<\/h3>\n\n<p>Si vous \u00eates un utilisateur ou une utilisatrice enregistr\u00e9.e et que vous t\u00e9l\u00e9versez des images sur le site web, nous vous conseillons d\u2019\u00e9viter de t\u00e9l\u00e9verser des images contenant des donn\u00e9es EXIF de coordonn\u00e9es GPS. Les visiteurs de votre site web peuvent t\u00e9l\u00e9charger et extraire des donn\u00e9es de localisation depuis ces images.<\/p>\n\n<h3>Formulaires de contact<\/h3>\n<div>Les formulaire utilis\u00e9s sur notre site stockent les informations renseign\u00e9es uniquement pour traiter votre demande.<\/div>\n\n<h3>Cookies<\/h3>\n\n<p>Si vous d\u00e9posez un commentaire sur notre site, il vous sera propos\u00e9 d\u2019enregistrer votre nom, adresse de messagerie et site web dans des cookies. C\u2019est uniquement pour votre confort afin de ne pas avoir \u00e0 saisir ces informations si vous d\u00e9posez un autre commentaire plus tard. Ces cookies expirent au bout d\u2019un an.<\/p>\n\n<p>Si vous vous rendez sur la page de connexion (si une zone priv\u00e9e existe), un cookie temporaire sera cr\u00e9\u00e9 afin de d\u00e9terminer si votre navigateur accepte les cookies. Il ne contient pas de donn\u00e9es personnelles et sera supprim\u00e9 automatiquement \u00e0 la fermeture de votre navigateur.<\/p>\n\n<p>Lorsque vous vous connecterez, nous mettrons en place un certain nombre de cookies pour enregistrer vos informations de connexion et vos pr\u00e9f\u00e9rences d\u2019\u00e9cran. La dur\u00e9e de vie d\u2019un cookie de connexion est de deux jours, celle d\u2019un cookie d\u2019option d\u2019\u00e9cran est d\u2019un an. Si vous cochez \u00ab\u00a0Se souvenir de moi\u00a0\u00bb, votre cookie de connexion sera conserv\u00e9 pendant deux semaines. Si vous vous d\u00e9connectez de votre compte, le cookie de connexion sera effac\u00e9.<\/p>\n\n<p>En modifiant ou en publiant une publication, un cookie suppl\u00e9mentaire sera enregistr\u00e9 dans votre navigateur. Ce cookie ne comprend aucune donn\u00e9e personnelle. Il indique simplement l\u2019ID de la publication que vous venez de modifier. Il expire au bout d\u2019un jour.<\/p>\n<p>Si vous souhaitez emp\u00eacher le d\u00e9p\u00f4t de cookie, veuillez cliquer sur <a href=\"https:\/\/www.cnil.fr\/fr\/cookies-les-outils-pour-les-maitriser\" target=\"_blank\" rel=\"noopener\">ce lien<\/a>\u00a0<\/p>\n\n<h3>Contenu embarqu\u00e9 depuis d\u2019autres sites<\/h3>\n\n<p>Les articles de ce site peuvent inclure des contenus int\u00e9gr\u00e9s (par exemple des vid\u00e9os, images, articles\u2026). Le contenu int\u00e9gr\u00e9 depuis d\u2019autres sites se comporte de la m\u00eame mani\u00e8re que si le visiteur se rendait sur cet autre site.<\/p>\n\n<p>Ces sites web pourraient collecter des donn\u00e9es sur vous, utiliser des cookies, embarquer des outils de suivis tiers, suivre vos interactions avec ces contenus embarqu\u00e9s si vous disposez d\u2019un compte connect\u00e9 sur leur site web.<\/p>\n\n<h3>Statistiques et mesures d\u2019audience<\/h3>\n<div>Il est possible que nous fassions appel \u00e0 un service tiers, tel que Google Analytics pour analyser la navigation. Ce prestataire nous permet d&rsquo;analyser la fa\u00e7on ainsi que la fr\u00e9quence dont le site est parcouru. Ces donn\u00e9es sont r\u00e9colt\u00e9es de mani\u00e8re anonyme. Ces cookies permettent d&rsquo;\u00e9tablir des statistiques et ainsi d&rsquo;am\u00e9liorer l&rsquo;int\u00e9r\u00eat et l&rsquo;ergonomie du site.<\/div>\n<p>Voici le nom des cookies g\u00e9n\u00e9r\u00e9s par Google Analytics<\/p>\n<table style=\"outline: none; background-color: #ffffff; display: block; width: 1080px; overflow-x: auto; color: #434343; font-family: -apple-system, BlinkMacSystemFont, 'Segoe UI', Roboto, 'Helvetica Neue', Arial, sans-serif, 'Apple Color Emoji', 'Segoe UI Emoji', 'Segoe UI Symbol'; font-size: 14px; letter-spacing: normal;\">\n<tbody style=\"outline: none;\">\n<tr style=\"outline: none;\">\n<th style=\"outline: none; border-color: #e5e5e5;\">Name<\/th>\n<th style=\"outline: none; border-color: #e5e5e5;\">Utilit\u00e9<\/th>\n<th style=\"outline: none; border-color: #e5e5e5;\">Dur\u00e9e de conversion<\/th>\n<\/tr>\n<tr style=\"outline: none;\">\n<td style=\"outline: none; border-color: #e5e5e5;\">\u00a0_ga<\/td>\n<td style=\"outline: none; border-color: #e5e5e5;\">Distinguer les utilisateurs.<\/td>\n<td style=\"outline: none; border-color: #e5e5e5;\">\u00a013 mois<\/td>\n<\/tr>\n<tr style=\"outline: none;\">\n<td style=\"outline: none; border-color: #e5e5e5;\">\u00a0_gid<\/td>\n<td style=\"outline: none; border-color: #e5e5e5;\">Distinguer les utilisateurs.<\/td>\n<td style=\"outline: none; border-color: #e5e5e5;\">\u00a01 jour<\/td>\n<\/tr>\n<tr style=\"outline: none;\">\n<td style=\"outline: none; border-color: #e5e5e5;\">\u00a0_gat<\/td>\n<td style=\"outline: none; border-color: #e5e5e5;\">R\u00e9duire le taux de demande. Si Google Analytics est d\u00e9ploy\u00e9 via Google Tag Manager, ce cookie sera nomm\u00e9 _dc_gtm_ .<\/td>\n<td style=\"outline: none; border-color: #e5e5e5;\">\u00a060 secondes<\/td>\n<\/tr>\n<\/tbody>\n<\/table>\n\n<h2>Utilisation et transmission de vos donn\u00e9es personnelles<\/h2>\n\n<h2>Dur\u00e9es de stockage de vos donn\u00e9es<\/h2>\n\n<p>Si vous laissez un commentaire, le commentaire et ses m\u00e9tadonn\u00e9es sont conserv\u00e9s ind\u00e9finiment. Cela permet de reconna\u00eetre et approuver automatiquement les commentaires suivants au lieu de les laisser dans la file de mod\u00e9ration.<\/p>\n\n<p>Pour les utilisateurs et utilisatrices qui s\u2019enregistrent sur notre site (si cela est possible), nous stockons \u00e9galement les donn\u00e9es personnelles indiqu\u00e9es dans leur profil. Tous les utilisateurs et utilisatrices peuvent voir, modifier ou supprimer leurs informations personnelles \u00e0 tout moment (\u00e0 l\u2019exception de leur nom d\u2019utilisateur.ice). Les gestionnaires du site peuvent aussi voir et modifier ces informations.<\/p>\n\n<h2>Les droits que vous avez sur vos donn\u00e9es<\/h2>\n\n<p>Si vous avez un compte ou si vous avez laiss\u00e9 des commentaires sur le site, vous pouvez demander \u00e0 recevoir un fichier contenant toutes les donn\u00e9es personnelles que nous poss\u00e9dons \u00e0 votre sujet, incluant celles que vous nous avez fournies. Vous pouvez \u00e9galement demander la suppression des donn\u00e9es personnelles vous concernant. Cela ne prend pas en compte les donn\u00e9es stock\u00e9es \u00e0 des fins administratives, l\u00e9gales ou pour des raisons de s\u00e9curit\u00e9.<\/p>\n\n<h2>Transmission de vos donn\u00e9es personnelles<\/h2>\n\n<p>Les commentaires des visiteurs peuvent \u00eatre v\u00e9rifi\u00e9s \u00e0 l\u2019aide d\u2019un service automatis\u00e9 de d\u00e9tection des commentaires ind\u00e9sirables.<\/p>\n\n<h2>Informations suppl\u00e9mentaires<\/h2>\n\n<h3>Comment nous prot\u00e9geons vos donn\u00e9es<\/h3>\n<div>Nous mettons tout en oeuvre pour prot\u00e9ger la s\u00e9curit\u00e9 de vos informations personnelles. Le site utilise un cryptage qui permet de s\u00e9curiser et de rendre illisible les donn\u00e9es \u00e9chang\u00e9es entre votre ordinateur et le site. Vos donn\u00e9es hors ligne sont \u00e9galement prot\u00e9g\u00e9es, seules les personnes ayant besoin de ces informations y ont acc\u00e8s (exemple: donn\u00e9es du formulaire).\u00a0<\/div>\n\n<h3>Vos droits<\/h3>\n<div>\n<p>Nous vous informons que vous disposez de plusieurs droits concernant l&rsquo;ensemble de vos donn\u00e9es personnelles :<br \/>&#8211; Droit d&rsquo;information<br \/>&#8211; Droits d&rsquo;acc\u00e8s<br \/>&#8211; Droit de rectification, d&rsquo;opposition et de suppression<\/p>\n<\/div>\n<p>Vous pouvez exercer vos droits en nous \u00e9crivant \u00e0 contact[at]lecaveauduchateau.com<\/p>\t\t\t\t\t\t<\/div>\n\t\t\t\t<\/div>\n\t\t\t\t\t<\/div>\n\t\t<\/div>\n\t\t\t\t\t<\/div>\n\t\t<\/section>\n\t\t\t\t<\/div>","protected":false},"excerpt":{"rendered":"<p>Qui sommes-nous\u00a0? L\u2019adresse de notre site Web est\u00a0: https:\/\/dev.lecaveauduchateau.com.\u00a0 Utilisation des donn\u00e9es personnelles collect\u00e9es Le Caveau du Ch\u00e2teau (nous) s&rsquo;engage \u00e0 ce que la collecte et le traitement de vos donn\u00e9es soient conformes au R\u00e8glement G\u00e9n\u00e9ral sur la Protection des Donn\u00e9es (RGPD). Commentaires Quand vous laissez un commentaire sur notre site web, les donn\u00e9es inscrites [&hellip;]<\/p>","protected":false},"author":1,"featured_media":0,"parent":0,"menu_order":0,"comment_status":"closed","ping_status":"closed","template":"elementor_header_footer","meta":{"_acf_changed":false,"footnotes":""},"acf":[],"yoast_head":"<!-- This site is optimized with the Yoast SEO plugin v22.6 - https:\/\/yoast.com\/wordpress\/plugins\/seo\/ -->\n<title>Politique de confidentialit\u00e9 - Le Caveau du Ch\u00e2teau<\/title>\n<meta name=\"robots\" content=\"noindex, nofollow\" \/>\n<meta property=\"og:locale\" content=\"en_GB\" \/>\n<meta property=\"og:type\" content=\"article\" \/>\n<meta property=\"og:title\" content=\"Politique de confidentialit\u00e9 - Le Caveau du Ch\u00e2teau\" \/>\n<meta property=\"og:description\" content=\"Qui sommes-nous\u00a0? L\u2019adresse de notre site Web est\u00a0: https:\/\/dev.lecaveauduchateau.com.\u00a0 Utilisation des donn\u00e9es personnelles collect\u00e9es Le Caveau du Ch\u00e2teau (nous) s&rsquo;engage \u00e0 ce que la collecte et le traitement de vos donn\u00e9es soient conformes au R\u00e8glement G\u00e9n\u00e9ral sur la Protection des Donn\u00e9es (RGPD). Commentaires Quand vous laissez un commentaire sur notre site web, les donn\u00e9es inscrites [&hellip;]\" \/>\n<meta property=\"og:url\" content=\"https:\/\/dev.lecaveauduchateau.com\/en\/politique-de-confidentialite\/\" \/>\n<meta property=\"og:site_name\" content=\"Le Caveau du Ch\u00e2teau\" \/>\n<meta property=\"article:modified_time\" content=\"2024-05-03T13:21:31+00:00\" \/>\n<meta name=\"twitter:card\" content=\"summary_large_image\" \/>\n<meta name=\"twitter:label1\" content=\"Estimated reading time\" \/>\n\t<meta name=\"twitter:data1\" content=\"5 minutes\" \/>\n<script type=\"application\/ld+json\" class=\"yoast-schema-graph\">{\"@context\":\"https:\/\/schema.org\",\"@graph\":[{\"@type\":\"WebPage\",\"@id\":\"https:\/\/dev.lecaveauduchateau.com\/politique-de-confidentialite\/\",\"url\":\"https:\/\/dev.lecaveauduchateau.com\/politique-de-confidentialite\/\",\"name\":\"Politique de confidentialit\u00e9 - Le Caveau du Ch\u00e2teau\",\"isPartOf\":{\"@id\":\"https:\/\/dev.lecaveauduchateau.com\/#website\"},\"datePublished\":\"2020-02-05T12:45:08+00:00\",\"dateModified\":\"2024-05-03T13:21:31+00:00\",\"breadcrumb\":{\"@id\":\"https:\/\/dev.lecaveauduchateau.com\/politique-de-confidentialite\/#breadcrumb\"},\"inLanguage\":\"en-GB\",\"potentialAction\":[{\"@type\":\"ReadAction\",\"target\":[\"https:\/\/dev.lecaveauduchateau.com\/politique-de-confidentialite\/\"]}]},{\"@type\":\"BreadcrumbList\",\"@id\":\"https:\/\/dev.lecaveauduchateau.com\/politique-de-confidentialite\/#breadcrumb\",\"itemListElement\":[{\"@type\":\"ListItem\",\"position\":1,\"name\":\"Accueil\",\"item\":\"https:\/\/dev.lecaveauduchateau.com\/\"},{\"@type\":\"ListItem\",\"position\":2,\"name\":\"Politique de confidentialit\u00e9\"}]},{\"@type\":\"WebSite\",\"@id\":\"https:\/\/dev.lecaveauduchateau.com\/#website\",\"url\":\"https:\/\/dev.lecaveauduchateau.com\/\",\"name\":\"Le Caveau du Ch\u00e2teau\",\"description\":\"Le Caveau du Ch\u00e2teau\",\"publisher\":{\"@id\":\"https:\/\/dev.lecaveauduchateau.com\/#organization\"},\"potentialAction\":[{\"@type\":\"SearchAction\",\"target\":{\"@type\":\"EntryPoint\",\"urlTemplate\":\"https:\/\/dev.lecaveauduchateau.com\/?s={search_term_string}\"},\"query-input\":\"required name=search_term_string\"}],\"inLanguage\":\"en-GB\"},{\"@type\":\"Organization\",\"@id\":\"https:\/\/dev.lecaveauduchateau.com\/#organization\",\"name\":\"Le Caveau du Ch\u00e2teau\",\"url\":\"https:\/\/dev.lecaveauduchateau.com\/\",\"logo\":{\"@type\":\"ImageObject\",\"inLanguage\":\"en-GB\",\"@id\":\"https:\/\/dev.lecaveauduchateau.com\/#\/schema\/logo\/image\/\",\"url\":\"https:\/\/dev.lecaveauduchateau.com\/wp-content\/uploads\/2019\/12\/logo-caveau-du-chateau-guigal.png\",\"contentUrl\":\"https:\/\/dev.lecaveauduchateau.com\/wp-content\/uploads\/2019\/12\/logo-caveau-du-chateau-guigal.png\",\"width\":800,\"height\":442,\"caption\":\"Le Caveau du Ch\u00e2teau\"},\"image\":{\"@id\":\"https:\/\/dev.lecaveauduchateau.com\/#\/schema\/logo\/image\/\"}}]}<\/script>\n<!-- \/ Yoast SEO plugin. -->","yoast_head_json":{"title":"Politique de confidentialit\u00e9 - Le Caveau du Ch\u00e2teau","robots":{"index":"noindex","follow":"nofollow"},"og_locale":"en_GB","og_type":"article","og_title":"Politique de confidentialit\u00e9 - Le Caveau du Ch\u00e2teau","og_description":"Qui sommes-nous\u00a0? L\u2019adresse de notre site Web est\u00a0: https:\/\/dev.lecaveauduchateau.com.\u00a0 Utilisation des donn\u00e9es personnelles collect\u00e9es Le Caveau du Ch\u00e2teau (nous) s&rsquo;engage \u00e0 ce que la collecte et le traitement de vos donn\u00e9es soient conformes au R\u00e8glement G\u00e9n\u00e9ral sur la Protection des Donn\u00e9es (RGPD). Commentaires Quand vous laissez un commentaire sur notre site web, les donn\u00e9es inscrites [&hellip;]","og_url":"https:\/\/dev.lecaveauduchateau.com\/en\/politique-de-confidentialite\/","og_site_name":"Le Caveau du Ch\u00e2teau","article_modified_time":"2024-05-03T13:21:31+00:00","twitter_card":"summary_large_image","twitter_misc":{"Estimated reading time":"5 minutes"},"schema":{"@context":"https:\/\/schema.org","@graph":[{"@type":"WebPage","@id":"https:\/\/dev.lecaveauduchateau.com\/politique-de-confidentialite\/","url":"https:\/\/dev.lecaveauduchateau.com\/politique-de-confidentialite\/","name":"Politique de confidentialit\u00e9 - Le Caveau du Ch\u00e2teau","isPartOf":{"@id":"https:\/\/dev.lecaveauduchateau.com\/#website"},"datePublished":"2020-02-05T12:45:08+00:00","dateModified":"2024-05-03T13:21:31+00:00","breadcrumb":{"@id":"https:\/\/dev.lecaveauduchateau.com\/politique-de-confidentialite\/#breadcrumb"},"inLanguage":"en-GB","potentialAction":[{"@type":"ReadAction","target":["https:\/\/dev.lecaveauduchateau.com\/politique-de-confidentialite\/"]}]},{"@type":"BreadcrumbList","@id":"https:\/\/dev.lecaveauduchateau.com\/politique-de-confidentialite\/#breadcrumb","itemListElement":[{"@type":"ListItem","position":1,"name":"Accueil","item":"https:\/\/dev.lecaveauduchateau.com\/"},{"@type":"ListItem","position":2,"name":"Politique de confidentialit\u00e9"}]},{"@type":"WebSite","@id":"https:\/\/dev.lecaveauduchateau.com\/#website","url":"https:\/\/dev.lecaveauduchateau.com\/","name":"Le Caveau du Ch\u00e2teau","description":"Le Caveau du Ch\u00e2teau","publisher":{"@id":"https:\/\/dev.lecaveauduchateau.com\/#organization"},"potentialAction":[{"@type":"SearchAction","target":{"@type":"EntryPoint","urlTemplate":"https:\/\/dev.lecaveauduchateau.com\/?s={search_term_string}"},"query-input":"required name=search_term_string"}],"inLanguage":"en-GB"},{"@type":"Organization","@id":"https:\/\/dev.lecaveauduchateau.com\/#organization","name":"Le Caveau du Ch\u00e2teau","url":"https:\/\/dev.lecaveauduchateau.com\/","logo":{"@type":"ImageObject","inLanguage":"en-GB","@id":"https:\/\/dev.lecaveauduchateau.com\/#\/schema\/logo\/image\/","url":"https:\/\/dev.lecaveauduchateau.com\/wp-content\/uploads\/2019\/12\/logo-caveau-du-chateau-guigal.png","contentUrl":"https:\/\/dev.lecaveauduchateau.com\/wp-content\/uploads\/2019\/12\/logo-caveau-du-chateau-guigal.png","width":800,"height":442,"caption":"Le Caveau du Ch\u00e2teau"},"image":{"@id":"https:\/\/dev.lecaveauduchateau.com\/#\/schema\/logo\/image\/"}}]}},"_links":{"self":[{"href":"https:\/\/dev.lecaveauduchateau.com\/en\/wp-json\/wp\/v2\/pages\/2276"}],"collection":[{"href":"https:\/\/dev.lecaveauduchateau.com\/en\/wp-json\/wp\/v2\/pages"}],"about":[{"href":"https:\/\/dev.lecaveauduchateau.com\/en\/wp-json\/wp\/v2\/types\/page"}],"author":[{"embeddable":true,"href":"https:\/\/dev.lecaveauduchateau.com\/en\/wp-json\/wp\/v2\/users\/1"}],"replies":[{"embeddable":true,"href":"https:\/\/dev.lecaveauduchateau.com\/en\/wp-json\/wp\/v2\/comments?post=2276"}],"version-history":[{"count":15,"href":"https:\/\/dev.lecaveauduchateau.com\/en\/wp-json\/wp\/v2\/pages\/2276\/revisions"}],"predecessor-version":[{"id":4918,"href":"https:\/\/dev.lecaveauduchateau.com\/en\/wp-json\/wp\/v2\/pages\/2276\/revisions\/4918"}],"wp:attachment":[{"href":"https:\/\/dev.lecaveauduchateau.com\/en\/wp-json\/wp\/v2\/media?parent=2276"}],"curies":[{"name":"wp","href":"https:\/\/api.w.org\/{rel}","templated":true}]}}